{"id":985,"date":"2020-06-05T13:01:41","date_gmt":"2020-06-05T13:01:41","guid":{"rendered":"http:\/\/www.redix-design.de\/?page_id=985"},"modified":"2021-03-01T19:57:02","modified_gmt":"2021-03-01T19:57:02","slug":"web-social-media","status":"publish","type":"page","link":"https:\/\/www.redix-design.de\/?page_id=985","title":{"rendered":"web &#038; social media"},"content":{"rendered":"<p>[et_pb_section fb_built=&#8220;1&#8243; fullwidth=&#8220;on&#8220; _builder_version=&#8220;4.9.0&#8243; _module_preset=&#8220;default&#8220; box_shadow_style=&#8220;preset3&#8243;][et_pb_fullwidth_image src=&#8220;https:\/\/www.redix-design.de\/wp-content\/uploads\/2021\/03\/web-social-media.jpg&#8220; title_text=&#8220;web &#038; social media&#8220; _builder_version=&#8220;4.9.0&#8243; _module_preset=&#8220;default&#8220; hover_enabled=&#8220;0&#8243; sticky_enabled=&#8220;0&#8243;][\/et_pb_fullwidth_image][\/et_pb_section][et_pb_section fb_built=&#8220;1&#8243; _builder_version=&#8220;3.22&#8243;][et_pb_row _builder_version=&#8220;3.25&#8243; background_size=&#8220;initial&#8220; background_position=&#8220;top_left&#8220; background_repeat=&#8220;repeat&#8220;][et_pb_column type=&#8220;4_4&#8243; _builder_version=&#8220;3.25&#8243; custom_padding=&#8220;|||&#8220; custom_padding__hover=&#8220;|||&#8220;][et_pb_text _builder_version=&#8220;4.4.7&#8243; text_orientation=&#8220;justified&#8220;]<\/p>\n<h2>virtuell.grenzenlos.beliebt<\/h2>\n<p>&nbsp;<\/p>\n<h3>WEBSITES<\/h3>\n<p>Der passende Onlineauftritt ist der erste Schritt in die Welt des Internets. Wir zeigen Ihnen den optimalen Weg in die virtuelle Welt und gestalten Ihre Internetseite!Um in Ihrem Sinne kosteng\u00fcnstig zu arbeiten, entwickeln wir Plattformen f\u00fcr Sie, die Sie nach unserer Einweisung selbstst\u00e4ndig und unabh\u00e4ngig pflegen k\u00f6nnen.<\/p>\n<p>&nbsp;<\/p>\n<h3>SOCIAL MEDIA \u2013 FACEBOOK &amp; Co.<\/h3>\n<p>Auch die Nutzung von Social Media Kan\u00e4len kann sinnvoll sein, solange sie regelm\u00e4\u00dfig gepflegt werden. Und wir nehmen uns die Zeit, die Sie nicht haben, um Ihrem Auftritt in den Sozialen Medien zu planen und umzusetzen. Und damit die Seiten nicht zur Eintagsfliegen werden, pflegen wir diese regelm\u00e4\u00dfig und dauerhaft mit attraktiven Contents zum Pauschalpreis.<\/p>\n<p>Schenken Sie uns Ihr Like!<\/p>\n<p>Und dann?<\/p>\n<p>Einfach zur\u00fccklehnen und den Feierabend genie\u00dfen!<\/p>\n<p>[\/et_pb_text][\/et_pb_column][\/et_pb_row][\/et_pb_section]<\/p>\n","protected":false},"excerpt":{"rendered":"<p>virtuell.grenzenlos.beliebt &nbsp; WEBSITES Der passende Onlineauftritt ist der erste Schritt in die Welt des Internets. Wir zeigen Ihnen den optimalen Weg in die virtuelle Welt und gestalten Ihre Internetseite!Um in Ihrem Sinne kosteng\u00fcnstig zu arbeiten, entwickeln wir Plattformen f\u00fcr Sie, die Sie nach unserer Einweisung selbstst\u00e4ndig und unabh\u00e4ngig pflegen k\u00f6nnen. &nbsp; SOCIAL MEDIA \u2013 FACEBOOK [&hellip;]<\/p>\n","protected":false},"author":2,"featured_media":978,"parent":0,"menu_order":4,"comment_status":"closed","ping_status":"closed","template":"","meta":{"_et_pb_use_builder":"on","_et_pb_old_content":"","_et_gb_content_width":"","footnotes":""},"class_list":["post-985","page","type-page","status-publish","has-post-thumbnail","hentry"],"_links":{"self":[{"href":"https:\/\/www.redix-design.de\/index.php?rest_route=\/wp\/v2\/pages\/985","targetHints":{"allow":["GET"]}}],"collection":[{"href":"https:\/\/www.redix-design.de\/index.php?rest_route=\/wp\/v2\/pages"}],"about":[{"href":"https:\/\/www.redix-design.de\/index.php?rest_route=\/wp\/v2\/types\/page"}],"author":[{"embeddable":true,"href":"https:\/\/www.redix-design.de\/index.php?rest_route=\/wp\/v2\/users\/2"}],"replies":[{"embeddable":true,"href":"https:\/\/www.redix-design.de\/index.php?rest_route=%2Fwp%2Fv2%2Fcomments&post=985"}],"version-history":[{"count":8,"href":"https:\/\/www.redix-design.de\/index.php?rest_route=\/wp\/v2\/pages\/985\/revisions"}],"predecessor-version":[{"id":1185,"href":"https:\/\/www.redix-design.de\/index.php?rest_route=\/wp\/v2\/pages\/985\/revisions\/1185"}],"wp:featuredmedia":[{"embeddable":true,"href":"https:\/\/www.redix-design.de\/index.php?rest_route=\/wp\/v2\/media\/978"}],"wp:attachment":[{"href":"https:\/\/www.redix-design.de\/index.php?rest_route=%2Fwp%2Fv2%2Fmedia&parent=985"}],"curies":[{"name":"wp","href":"https:\/\/api.w.org\/{rel}","templated":true}]}}