{"id":388,"date":"2018-11-21T16:04:36","date_gmt":"2018-11-21T16:04:36","guid":{"rendered":"http:\/\/www.redix-design.de\/?page_id=388"},"modified":"2021-03-02T10:44:18","modified_gmt":"2021-03-02T10:44:18","slug":"agentur-3","status":"publish","type":"page","link":"https:\/\/www.redix-design.de\/","title":{"rendered":"agentur"},"content":{"rendered":"<p>[et_pb_section fb_built=&#8220;1&#8243; fullwidth=&#8220;on&#8220; _builder_version=&#8220;4.9.0&#8243; _module_preset=&#8220;default&#8220; box_shadow_style=&#8220;preset3&#8243;][et_pb_fullwidth_image src=&#8220;https:\/\/www.redix-design.de\/wp-content\/uploads\/2021\/03\/agentur.jpg&#8220; title_text=&#8220;agentur&#8220; _builder_version=&#8220;4.9.0&#8243; _module_preset=&#8220;default&#8220; hover_enabled=&#8220;0&#8243; sticky_enabled=&#8220;0&#8243;][\/et_pb_fullwidth_image][\/et_pb_section][et_pb_section fb_built=&#8220;1&#8243; _builder_version=&#8220;4.9.0&#8243; background_color=&#8220;rgba(255,255,255,0.8)&#8220; background_enable_image=&#8220;off&#8220; background_size=&#8220;contain&#8220;][et_pb_row _builder_version=&#8220;3.25&#8243; background_size=&#8220;initial&#8220; background_position=&#8220;top_left&#8220; background_repeat=&#8220;repeat&#8220; custom_padding=&#8220;115px|||||&#8220;][et_pb_column type=&#8220;4_4&#8243; _builder_version=&#8220;3.25&#8243; custom_padding=&#8220;|||&#8220; custom_padding__hover=&#8220;|||&#8220;][et_pb_text _builder_version=&#8220;4.9.0&#8243; text_orientation=&#8220;justified&#8220; background_layout=&#8220;dark&#8220;]<\/p>\n<h2><span style=\"color: #666666;\">pers\u00f6nlich. mutig. transparent.<\/span><\/h2>\n<p><span style=\"color: #666666;\">Visionen sind toll, aber ihre Umsetzung noch besser. <strong>Ohne viel Blabla.<\/strong> Willkommen bei RediX! Als inhabergef\u00fchrte Werbe- und Verlagsagentur setzen wir unseren Fokus auf die Entwicklung ganzheitlicher Werbekonzepte (Corporate Design) anhand vorgegebener Werbebudgets, auf Printdesign und auf die Herausgabe verschiedener regionaler Magazine. Wir betreuen vorwiegend mittelst\u00e4ndische, darunter zahlreiche international operierende Unternehmen.<\/span><\/p>\n<h3><span style=\"color: #666666;\">+ pers\u00f6nlich.<\/span><\/h3>\n<p><span style=\"color: #666666;\">Wir suchen das Gespr\u00e4ch und legen gro\u00dfen Wert auf die pers\u00f6nliche Betreuung der Kunden. Hierzu geh\u00f6rt auch eine dauerhafte und vertrauensvolle Zusammenarbeit. Nur auf diese Weise finden wir gemeinsam den besten Weg f\u00fcr eine wirkungsvolle Kampagne, mit der sich der Kunde zu hundert Prozent identifizieren kann.<\/span><\/p>\n<h3><span style=\"color: #666666;\">+ mutig.<\/span><\/h3>\n<p><span style=\"color: #666666;\">Ob Aktion oder ganze Kampagne,\u00a0 jeder Auftrag verdient es einzigartig zu sein. Wir arbeiten mit Herz und Sachverstand an individuellen Konzepten und bewegen uns hierbei in dem vorgegebenen Budget. Seien Sie mutig, seien Sie anders als die Konkurrenz. Wir helfen Ihnen dabei.<\/span><\/p>\n<h3><span style=\"color: #666666;\">+ transparent.<\/span><\/h3>\n<p><span style=\"color: #666666;\">Werbung kostet Geld, keine Werbung noch mehr. F\u00fcr jedes Budget l\u00e4sst sich die passende Werbekampagne entwickeln. Wir legen gro\u00dfen Wert auf Kostentransparenz und zwar: vorab.<\/span><\/p>\n<p>&nbsp;<\/p>\n<p>[\/et_pb_text][\/et_pb_column][\/et_pb_row][\/et_pb_section]<\/p>\n","protected":false},"excerpt":{"rendered":"<p>pers\u00f6nlich. mutig. transparent. Visionen sind toll, aber ihre Umsetzung noch besser. Ohne viel Blabla. Willkommen bei RediX! Als inhabergef\u00fchrte Werbe- und Verlagsagentur setzen wir unseren Fokus auf die Entwicklung ganzheitlicher Werbekonzepte (Corporate Design) anhand vorgegebener Werbebudgets, auf Printdesign und auf die Herausgabe verschiedener regionaler Magazine. Wir betreuen vorwiegend mittelst\u00e4ndische, darunter zahlreiche international operierende Unternehmen. + [&hellip;]<\/p>\n","protected":false},"author":2,"featured_media":590,"parent":0,"menu_order":0,"comment_status":"closed","ping_status":"closed","template":"","meta":{"_et_pb_use_builder":"on","_et_pb_old_content":"","_et_gb_content_width":"","footnotes":""},"class_list":["post-388","page","type-page","status-publish","has-post-thumbnail","hentry"],"_links":{"self":[{"href":"https:\/\/www.redix-design.de\/index.php?rest_route=\/wp\/v2\/pages\/388","targetHints":{"allow":["GET"]}}],"collection":[{"href":"https:\/\/www.redix-design.de\/index.php?rest_route=\/wp\/v2\/pages"}],"about":[{"href":"https:\/\/www.redix-design.de\/index.php?rest_route=\/wp\/v2\/types\/page"}],"author":[{"embeddable":true,"href":"https:\/\/www.redix-design.de\/index.php?rest_route=\/wp\/v2\/users\/2"}],"replies":[{"embeddable":true,"href":"https:\/\/www.redix-design.de\/index.php?rest_route=%2Fwp%2Fv2%2Fcomments&post=388"}],"version-history":[{"count":45,"href":"https:\/\/www.redix-design.de\/index.php?rest_route=\/wp\/v2\/pages\/388\/revisions"}],"predecessor-version":[{"id":1262,"href":"https:\/\/www.redix-design.de\/index.php?rest_route=\/wp\/v2\/pages\/388\/revisions\/1262"}],"wp:featuredmedia":[{"embeddable":true,"href":"https:\/\/www.redix-design.de\/index.php?rest_route=\/wp\/v2\/media\/590"}],"wp:attachment":[{"href":"https:\/\/www.redix-design.de\/index.php?rest_route=%2Fwp%2Fv2%2Fmedia&parent=388"}],"curies":[{"name":"wp","href":"https:\/\/api.w.org\/{rel}","templated":true}]}}