{"id":28,"date":"2011-12-07T20:31:39","date_gmt":"2011-12-07T20:31:39","guid":{"rendered":"http:\/\/www.redix-design.de\/?page_id=28"},"modified":"2021-03-01T20:05:24","modified_gmt":"2021-03-01T20:05:24","slug":"portfolio","status":"publish","type":"page","link":"https:\/\/www.redix-design.de\/?page_id=28","title":{"rendered":"lesestoff"},"content":{"rendered":"<p>[et_pb_section fb_built=&#8220;1&#8243; fullwidth=&#8220;on&#8220; _builder_version=&#8220;4.9.0&#8243; _module_preset=&#8220;default&#8220; box_shadow_style=&#8220;preset3&#8243;][et_pb_fullwidth_image src=&#8220;https:\/\/www.redix-design.de\/wp-content\/uploads\/2021\/03\/lesestoff.jpg&#8220; title_text=&#8220;lesestoff&#8220; _builder_version=&#8220;4.9.0&#8243; _module_preset=&#8220;default&#8220; hover_enabled=&#8220;0&#8243; sticky_enabled=&#8220;0&#8243;][\/et_pb_fullwidth_image][\/et_pb_section][et_pb_section fb_built=&#8220;1&#8243; _builder_version=&#8220;3.22&#8243;][et_pb_row _builder_version=&#8220;3.25&#8243; background_size=&#8220;initial&#8220; background_position=&#8220;top_left&#8220; background_repeat=&#8220;repeat&#8220;][et_pb_column type=&#8220;4_4&#8243; _builder_version=&#8220;3.25&#8243; custom_padding=&#8220;|||&#8220; custom_padding__hover=&#8220;|||&#8220;][et_pb_text _builder_version=&#8220;4.9.0&#8243; text_orientation=&#8220;justified&#8220;]<\/p>\n<h2>ansprechend. vielseitig. lesenswert.<\/h2>\n<p>Von dem Familien.Erlebnis.Magazin BiZZ! in S\u00fcd-Ost-Bayern \u00fcber Stadtmagazine, Gastronomief\u00fchrer, Imageprospekte, Gesch\u00e4ftsberichte, Shopping-Guides, Firmenzeitungen bis hin zur Doktorarbeit: seit \u00fcber 16 Jahren geben wir unter anderem ansprechend gestaltete, auf das Zielpublikum zugeschnittene Publikums- und Kundenmagazine heraus.<\/p>\n<p>&nbsp;<\/p>\n<h3>Das Familien.Erlebnis.Magazin BiZZ!<\/h3>\n<p>Das modern gestaltete, inhaltlich abwechslungsreiche und lesenswerte Medium pr\u00e4sentiert Lieblingspl\u00e4tze zum Erholen und Entdecken, gibt umfangreiche Tipps f\u00fcr eine aktive, aufregende und altersgerechte Freizeitgestaltung und Veranstaltungshighlights f\u00fcr die ganze Familie. Erg\u00e4nzt wird der Inhalt von Beitr\u00e4gen zu digitalen Medienwelt, Apps, B\u00fcchern, Kino, Genuss und mehr! So sind BiZZ! und ihre gesch\u00e4tzten Kunden mit jeder Ausgabe am Puls der Zeit!<\/p>\n<p style=\"text-align: center;\"><strong>Das BiZZ! Magazin, seit 16 Jahren erfolgreich in der bayerischen Medienlandschaft, stellt die Familie in den Fokus.<\/strong><\/p>\n<h4><span style=\"color: #ffffff;\"><a style=\"color: #ffffff;\" href=\"https:\/\/www.bizz-magazin.de\" target=\"_blank\" rel=\"noopener noreferrer\">www.bizz-magazin.de<\/a><\/span><\/h4>\n<p>&nbsp;<\/p>\n<h3>DAS TRAUNREUTER STADTBLATT<\/h3>\n<p>zeigt als kostenfreies Magazin mit Haushaltsverteilung seit \u00fcber 5 Jahren die sch\u00f6nsten Seiten von Traunreut, der gr\u00f6\u00dften Stadt im Landkreis Traunstein. Durch die enge Zusammenarbeit mit Vereinen, Schulen, kulturellen und sozialen Einrichtungen entsteht zehnmal im Jahr eines der beliebtesten Medien der modernen Stadt.<\/p>\n<h4><span style=\"color: #ffffff;\"><a style=\"color: #ffffff;\" href=\"http:\/\/www.traunreuter-stadtblatt.de\" target=\"_blank\" rel=\"noopener noreferrer\">www.traunreuter-stadtblatt.de<\/a><\/span><\/h4>\n<p>&nbsp;<\/p>\n<h3>DER GASTRONOMIEF\u00dcHRER BIZZ! GO<\/h3>\n<p>ist der attraktive Gastroguide im Taschenformat aus unserem Hause, der die besten Caf\u00e9s, Bars, Restaurants und Wirtsh\u00e4user der Region vorstellt. Er erscheint einmal j\u00e4hrlich.<\/p>\n<h4><span style=\"color: #ffffff;\"><a style=\"color: #ffffff;\" href=\"http:\/\/www.bizz-go.de\" target=\"_blank\" rel=\"noopener noreferrer\">www.bizz-go.de<\/a><\/span><\/h4>\n<p>&nbsp;<\/p>\n<h3>STADTMAGAZIN, IMAGEBROSCH\u00dcREN, DOKTOARBEITEN &amp; MEHR<\/h3>\n<p>Wir geben Stadtbrosch\u00fcren heraus, wir setzen B\u00fccher und Doktorarbeiten, gestalten Imagebrosch\u00fcren.<\/p>\n<p>[\/et_pb_text][\/et_pb_column][\/et_pb_row][\/et_pb_section]<\/p>\n","protected":false},"excerpt":{"rendered":"<p>ansprechend. vielseitig. lesenswert. Von dem Familien.Erlebnis.Magazin BiZZ! in S\u00fcd-Ost-Bayern \u00fcber Stadtmagazine, Gastronomief\u00fchrer, Imageprospekte, Gesch\u00e4ftsberichte, Shopping-Guides, Firmenzeitungen bis hin zur Doktorarbeit: seit \u00fcber 16 Jahren geben wir unter anderem ansprechend gestaltete, auf das Zielpublikum zugeschnittene Publikums- und Kundenmagazine heraus. &nbsp; Das Familien.Erlebnis.Magazin BiZZ! Das modern gestaltete, inhaltlich abwechslungsreiche und lesenswerte Medium pr\u00e4sentiert Lieblingspl\u00e4tze zum Erholen und [&hellip;]<\/p>\n","protected":false},"author":2,"featured_media":459,"parent":0,"menu_order":5,"comment_status":"open","ping_status":"closed","template":"","meta":{"_et_pb_use_builder":"on","_et_pb_old_content":"","_et_gb_content_width":"","footnotes":""},"class_list":["post-28","page","type-page","status-publish","has-post-thumbnail","hentry"],"_links":{"self":[{"href":"https:\/\/www.redix-design.de\/index.php?rest_route=\/wp\/v2\/pages\/28","targetHints":{"allow":["GET"]}}],"collection":[{"href":"https:\/\/www.redix-design.de\/index.php?rest_route=\/wp\/v2\/pages"}],"about":[{"href":"https:\/\/www.redix-design.de\/index.php?rest_route=\/wp\/v2\/types\/page"}],"author":[{"embeddable":true,"href":"https:\/\/www.redix-design.de\/index.php?rest_route=\/wp\/v2\/users\/2"}],"replies":[{"embeddable":true,"href":"https:\/\/www.redix-design.de\/index.php?rest_route=%2Fwp%2Fv2%2Fcomments&post=28"}],"version-history":[{"count":27,"href":"https:\/\/www.redix-design.de\/index.php?rest_route=\/wp\/v2\/pages\/28\/revisions"}],"predecessor-version":[{"id":1189,"href":"https:\/\/www.redix-design.de\/index.php?rest_route=\/wp\/v2\/pages\/28\/revisions\/1189"}],"wp:featuredmedia":[{"embeddable":true,"href":"https:\/\/www.redix-design.de\/index.php?rest_route=\/wp\/v2\/media\/459"}],"wp:attachment":[{"href":"https:\/\/www.redix-design.de\/index.php?rest_route=%2Fwp%2Fv2%2Fmedia&parent=28"}],"curies":[{"name":"wp","href":"https:\/\/api.w.org\/{rel}","templated":true}]}}