{"id":26,"date":"2011-12-07T20:30:15","date_gmt":"2011-12-07T20:30:15","guid":{"rendered":"http:\/\/www.redix-design.de\/?page_id=26"},"modified":"2021-03-01T20:01:32","modified_gmt":"2021-03-01T20:01:32","slug":"galerie","status":"publish","type":"page","link":"https:\/\/www.redix-design.de\/?page_id=26","title":{"rendered":"werbetr\u00e4ger"},"content":{"rendered":"<p>[et_pb_section fb_built=&#8220;1&#8243; fullwidth=&#8220;on&#8220; _builder_version=&#8220;4.9.0&#8243; _module_preset=&#8220;default&#8220; box_shadow_style=&#8220;preset3&#8243;][et_pb_fullwidth_image src=&#8220;https:\/\/www.redix-design.de\/wp-content\/uploads\/2021\/03\/werbetraeger.jpg&#8220; title_text=&#8220;werbetr\u00e4ger&#8220; _builder_version=&#8220;4.9.0&#8243; _module_preset=&#8220;default&#8220; hover_enabled=&#8220;0&#8243; sticky_enabled=&#8220;0&#8243;][\/et_pb_fullwidth_image][\/et_pb_section][et_pb_section fb_built=&#8220;1&#8243; _builder_version=&#8220;3.22&#8243;][et_pb_row _builder_version=&#8220;3.25&#8243; background_size=&#8220;initial&#8220; background_position=&#8220;top_left&#8220; background_repeat=&#8220;repeat&#8220;][et_pb_column type=&#8220;4_4&#8243; _builder_version=&#8220;3.25&#8243; custom_padding=&#8220;|||&#8220; custom_padding__hover=&#8220;|||&#8220;][et_pb_text _builder_version=&#8220;4.4.7&#8243; text_orientation=&#8220;justified&#8220;]<\/p>\n<h2>pr\u00e4gnant.kreativ.vielseitig<\/h2>\n<p>&nbsp;<\/p>\n<p>\u00dcber die Printmedien hinaus gibt es in der modernen Werbetechnik eine Vielzahl an M\u00f6glichkeiten, sich zu pr\u00e4sentieren, und das zu attraktiven Konditionen. Wir entwickeln individuelle Designkonzepte und setzen diese mithilfe geeigneter Werbemittel um.<\/p>\n<p>&nbsp;<\/p>\n<h3>Hier finden Sie einige Beispiele aus der Werbetechnik:<\/h3>\n<p>\u25a0\u00a0 Beschilderung und Beklebung z.B. Fahrzeuge, Aufkleber<\/p>\n<p>\u25a0\u00a0 Gro\u00dfformate wie Fahnen, Flaggen, Gro\u00dfplakate, Banner<\/p>\n<p>\u25a0\u00a0 Pr\u00e4sentationssysteme: Roll Ups, Messest\u00e4nde, Pr\u00e4sentationsmappen, LED-Bilderrahmen<\/p>\n<p>\u25a0\u00a0 B\u00fcromaterial: Ordner, Notizbl\u00f6cke, Stifte, Stempel<\/p>\n<p>\u25a0\u00a0 Give-Aways: Handyh\u00fcllen, Kalender, Taschen, Bekleidung, Luftballons<\/p>\n<p>[\/et_pb_text][\/et_pb_column][\/et_pb_row][\/et_pb_section]<\/p>\n","protected":false},"excerpt":{"rendered":"<p>pr\u00e4gnant.kreativ.vielseitig &nbsp; \u00dcber die Printmedien hinaus gibt es in der modernen Werbetechnik eine Vielzahl an M\u00f6glichkeiten, sich zu pr\u00e4sentieren, und das zu attraktiven Konditionen. Wir entwickeln individuelle Designkonzepte und setzen diese mithilfe geeigneter Werbemittel um. &nbsp; Hier finden Sie einige Beispiele aus der Werbetechnik: \u25a0\u00a0 Beschilderung und Beklebung z.B. Fahrzeuge, Aufkleber \u25a0\u00a0 Gro\u00dfformate wie Fahnen, [&hellip;]<\/p>\n","protected":false},"author":2,"featured_media":470,"parent":0,"menu_order":3,"comment_status":"closed","ping_status":"closed","template":"","meta":{"_et_pb_use_builder":"on","_et_pb_old_content":"","_et_gb_content_width":"","footnotes":""},"class_list":["post-26","page","type-page","status-publish","has-post-thumbnail","hentry"],"_links":{"self":[{"href":"https:\/\/www.redix-design.de\/index.php?rest_route=\/wp\/v2\/pages\/26","targetHints":{"allow":["GET"]}}],"collection":[{"href":"https:\/\/www.redix-design.de\/index.php?rest_route=\/wp\/v2\/pages"}],"about":[{"href":"https:\/\/www.redix-design.de\/index.php?rest_route=\/wp\/v2\/types\/page"}],"author":[{"embeddable":true,"href":"https:\/\/www.redix-design.de\/index.php?rest_route=\/wp\/v2\/users\/2"}],"replies":[{"embeddable":true,"href":"https:\/\/www.redix-design.de\/index.php?rest_route=%2Fwp%2Fv2%2Fcomments&post=26"}],"version-history":[{"count":32,"href":"https:\/\/www.redix-design.de\/index.php?rest_route=\/wp\/v2\/pages\/26\/revisions"}],"predecessor-version":[{"id":1187,"href":"https:\/\/www.redix-design.de\/index.php?rest_route=\/wp\/v2\/pages\/26\/revisions\/1187"}],"wp:featuredmedia":[{"embeddable":true,"href":"https:\/\/www.redix-design.de\/index.php?rest_route=\/wp\/v2\/media\/470"}],"wp:attachment":[{"href":"https:\/\/www.redix-design.de\/index.php?rest_route=%2Fwp%2Fv2%2Fmedia&parent=26"}],"curies":[{"name":"wp","href":"https:\/\/api.w.org\/{rel}","templated":true}]}}