{"id":24,"date":"2011-12-07T20:29:45","date_gmt":"2011-12-07T20:29:45","guid":{"rendered":"http:\/\/www.redix-design.de\/?page_id=24"},"modified":"2021-03-02T10:44:30","modified_gmt":"2021-03-02T10:44:30","slug":"philosophie","status":"publish","type":"page","link":"https:\/\/www.redix-design.de\/?page_id=24","title":{"rendered":"drucksache"},"content":{"rendered":"<p>[et_pb_section fb_built=&#8220;1&#8243; fullwidth=&#8220;on&#8220; _builder_version=&#8220;4.9.0&#8243; _module_preset=&#8220;default&#8220; box_shadow_style=&#8220;preset3&#8243;][et_pb_fullwidth_image src=&#8220;https:\/\/www.redix-design.de\/wp-content\/uploads\/2021\/03\/drucksache.jpg&#8220; title_text=&#8220;drucksache&#8220; _builder_version=&#8220;4.9.0&#8243; _module_preset=&#8220;default&#8220; hover_enabled=&#8220;0&#8243; sticky_enabled=&#8220;0&#8243;][\/et_pb_fullwidth_image][\/et_pb_section][et_pb_section fb_built=&#8220;1&#8243; _builder_version=&#8220;3.22&#8243;][et_pb_row _builder_version=&#8220;3.25&#8243; background_size=&#8220;initial&#8220; background_position=&#8220;top_left&#8220; background_repeat=&#8220;repeat&#8220;][et_pb_column type=&#8220;4_4&#8243; _builder_version=&#8220;3.25&#8243; custom_padding=&#8220;|||&#8220; custom_padding__hover=&#8220;|||&#8220;][et_pb_text _builder_version=&#8220;4.9.0&#8243; header_font=&#8220;||||on||||&#8220; text_orientation=&#8220;justified&#8220;]<\/p>\n<h2>druckreif. mehrseitig. wirkungsvoll.<\/h2>\n<p>In einer Welt der Multimedialit\u00e4t, in der mittelst\u00e4ndische Unternehmen mit globalen Unternehmen konkurrieren, erweckt die \u201eWerbung auf Papier\u201c besonders auf regionaler Ebene Zuverl\u00e4ssigkeit und Vertrauen. So ist sie aus der Werbung nicht wegzudenken. Man sieht sie nicht nur, sondern man kann sie ertasten, riechen, f\u00fchlen und vor allem: \u00fcberallhin mitnehmen.<\/p>\n<p>&nbsp;<\/p>\n<h3>DESIGN UND PRINT<\/h3>\n<p>Nat\u00fcrlich f\u00e4ngt alles mit einem Logo an. Er ist der Grundstein, den wir gerne mit dem Kunden legen.<\/p>\n<p>Unser Augenmerk liegt auf den gesamten Printbereich: wir erstellen im Rahmen Ihres Corporate Design auf Ihre Zielgruppe abgestimmte Visitenkarten und\u00a0 Briefpapier, Kuverts, Karten, Flyer, Anzeigen, Plakate, Brosch\u00fcren, Durchschreibes\u00e4tze, Bl\u00f6cke und mehr.<\/p>\n<p>Selbstverst\u00e4ndlich tragen wir Sorge daf\u00fcr, dass das Printprodukt zuverl\u00e4ssig und ohne viel Streuverlust beim Zielpublikum ankommt, sei es die optimale Plakatierung oder Verteilung.<\/p>\n<p>&nbsp;<\/p>\n<h3>\u00d6FFENTLICHKEITSARBEIT<\/h3>\n<p>Auf Wunsch gestalten wir nicht nur Ihre Anzeigen, sondern buchen diese bei diversen Medien im In- und Ausland ein; wir bedienen diese mit aktuellen Pressemitteilungen oder treffend formulierten, bebilderten Presseartikeln bis hin zum Korrekturabzug und Freigabe.<\/p>\n<p>&nbsp;<\/p>\n<p>[\/et_pb_text][\/et_pb_column][\/et_pb_row][\/et_pb_section]<\/p>\n","protected":false},"excerpt":{"rendered":"<p>druckreif. mehrseitig. wirkungsvoll. In einer Welt der Multimedialit\u00e4t, in der mittelst\u00e4ndische Unternehmen mit globalen Unternehmen konkurrieren, erweckt die \u201eWerbung auf Papier\u201c besonders auf regionaler Ebene Zuverl\u00e4ssigkeit und Vertrauen. So ist sie aus der Werbung nicht wegzudenken. Man sieht sie nicht nur, sondern man kann sie ertasten, riechen, f\u00fchlen und vor allem: \u00fcberallhin mitnehmen. &nbsp; DESIGN [&hellip;]<\/p>\n","protected":false},"author":2,"featured_media":570,"parent":0,"menu_order":2,"comment_status":"closed","ping_status":"closed","template":"","meta":{"_et_pb_use_builder":"on","_et_pb_old_content":"","_et_gb_content_width":"","footnotes":""},"class_list":["post-24","page","type-page","status-publish","has-post-thumbnail","hentry"],"_links":{"self":[{"href":"https:\/\/www.redix-design.de\/index.php?rest_route=\/wp\/v2\/pages\/24","targetHints":{"allow":["GET"]}}],"collection":[{"href":"https:\/\/www.redix-design.de\/index.php?rest_route=\/wp\/v2\/pages"}],"about":[{"href":"https:\/\/www.redix-design.de\/index.php?rest_route=\/wp\/v2\/types\/page"}],"author":[{"embeddable":true,"href":"https:\/\/www.redix-design.de\/index.php?rest_route=\/wp\/v2\/users\/2"}],"replies":[{"embeddable":true,"href":"https:\/\/www.redix-design.de\/index.php?rest_route=%2Fwp%2Fv2%2Fcomments&post=24"}],"version-history":[{"count":35,"href":"https:\/\/www.redix-design.de\/index.php?rest_route=\/wp\/v2\/pages\/24\/revisions"}],"predecessor-version":[{"id":1264,"href":"https:\/\/www.redix-design.de\/index.php?rest_route=\/wp\/v2\/pages\/24\/revisions\/1264"}],"wp:featuredmedia":[{"embeddable":true,"href":"https:\/\/www.redix-design.de\/index.php?rest_route=\/wp\/v2\/media\/570"}],"wp:attachment":[{"href":"https:\/\/www.redix-design.de\/index.php?rest_route=%2Fwp%2Fv2%2Fmedia&parent=24"}],"curies":[{"name":"wp","href":"https:\/\/api.w.org\/{rel}","templated":true}]}}